{"id":4994,"date":"2023-04-21T22:27:57","date_gmt":"2023-04-21T20:27:57","guid":{"rendered":"https:\/\/offthehooksagres.com\/bedingungen-und-konditionen\/"},"modified":"2023-05-09T19:41:17","modified_gmt":"2023-05-09T17:41:17","slug":"bedingungen-und-konditionen","status":"publish","type":"page","link":"https:\/\/offthehooksagres.com\/de\/bedingungen-und-konditionen\/","title":{"rendered":"Bedingungen und Konditionen"},"content":{"rendered":"<div  class='flex_column av-2pjjb2-96ef4473217a1ff62221d869a13248f4 av_one_full  avia-builder-el-0  avia-builder-el-no-sibling  first flex_column_div  '     ><section  class='av_textblock_section av-lgr05sb9-2d66410b43eb1e5aaad842b152a630ec '   itemscope=\"itemscope\" itemtype=\"https:\/\/schema.org\/CreativeWork\" ><div class='avia_textblock'  itemprop=\"text\" ><h1>Bedingungen und Konditionen<\/h1>\n<\/div><\/section><br \/>\n<section  class='av_textblock_section av-lgrq2o1q-b8051e659fdefa88002179c56b8e3d65 '   itemscope=\"itemscope\" itemtype=\"https:\/\/schema.org\/CreativeWork\" ><div class='avia_textblock'  itemprop=\"text\" ><h4><strong><span class=\"intro_text\">Vielen Dank f\u00fcr dein Interesse an unserer Einrichtung.<\/span><\/strong><\/h4>\n<h5><strong><span class=\"intro_text\">Hier findest du einige wichtige Informationen, die du lesen solltest, bevor du buchst. <\/span><\/strong><\/h5>\n<p>Sobald du die Buchung best\u00e4tigt hast, ist innerhalb von 7 Tagen eine Anzahlung von 20% zu leisten. Der Restbetrag wird bei der Ankunft beglichen &#8211; wir akzeptieren leider keine Kreditkarten. Es ist in Ordnung, bei der Ankunft in Euro zu bezahlen.<\/p>\n<p>Eine Reihe von Geldautomaten sind in Laufn\u00e4he vorhanden. Beachte bitte, dass du bei jeder Abhebung nur 200 \u20ac und maximal 400 \u20ac pro Tag erh\u00e4ltst, was bedeutet, dass Verwaltungsgeb\u00fchren deiner Bank anfallen k\u00f6nnen. Wir raten dir deshalb etwas Bargeld mitzunehmen.<\/p>\n<p>Die folgenden Betr\u00e4ge des gesamten Reisepreises werden berechnet, wenn du deine Buchung stornierst:<\/p>\n<p>20% des gesamten Reisepreises, wenn du mehr als 30 Tage vor der Abreise stornierst,<br \/>\n50% des gesamten Reisepreises, wenn du 8 bis 29 Tage vor der Abreise stornierst,<br \/>\n80% des gesamten Reisepreises, wenn du 4 bis 7 Tage oder weniger vor der Abreise stornierst,<br \/>\n100% des gesamten Reisepreises, wenn du 3 Tage oder weniger vor der Abreise stornierst.<\/p>\n<p>F\u00fcr Informationen \u00fcber Transfers, Reisen und Anfahrtsbeschreibungen <a title=\"Wie man dorthin kommt\" href=\"https:\/\/offthehooksagres.com\/de\/?page_id=5032\">klicke bitte hier<\/a>.<\/p>\n<p>Wenn du fr\u00fch am Morgen ankommst und an diesem Tag surfen m\u00f6chtest, teile uns das bitte im Voraus mit.<\/p>\n<p>Wenn du nicht mit unserem Transferservices zu einer unserer Unterk\u00fcnfte kommst, informiere uns bitte \u00fcber deine ungef\u00e4hre Ankunftszeit per E-Mail<strong>(<a href=\"mailto:c&#111;&#110;&#116;a&#099;t&#064;th&#101;&#115;&#117;rfe&#120;peri&#101;&#110;&#099;e.e&#117;\">c&#111;&#110;&#116;a&#099;t&#064;th&#101;&#115;&#117;rfe&#120;peri&#101;&#110;&#099;e.e&#117;<\/a>)<\/strong> oder ruf uns an unter <strong>+351 282 760 964<\/strong> oder schreiben eine SMS an <strong>+351 914 980 997<\/strong>.<\/p>\n<\/div><\/section><\/p><\/div>\n","protected":false},"excerpt":{"rendered":"","protected":false},"author":4,"featured_media":0,"parent":0,"menu_order":0,"comment_status":"closed","ping_status":"closed","template":"","meta":{"footnotes":""},"class_list":["post-4994","page","type-page","status-publish","hentry"],"yoast_head":"<!-- This site is optimized with the Yoast SEO plugin v27.4 - https:\/\/yoast.com\/product\/yoast-seo-wordpress\/ -->\n<title>Bedingungen und Konditionen - OFFTHEHOOK Coworking and Coliving Space in Sagres, Algarve - Portugal<\/title>\n<meta name=\"robots\" content=\"index, follow, max-snippet:-1, max-image-preview:large, max-video-preview:-1\" \/>\n<link rel=\"canonical\" href=\"https:\/\/offthehooksagres.com\/de\/bedingungen-und-konditionen\/\" \/>\n<meta property=\"og:locale\" content=\"de_DE\" \/>\n<meta property=\"og:type\" content=\"article\" \/>\n<meta property=\"og:title\" content=\"Bedingungen und Konditionen - OFFTHEHOOK Coworking and Coliving Space in Sagres, Algarve - Portugal\" \/>\n<meta property=\"og:url\" content=\"https:\/\/offthehooksagres.com\/de\/bedingungen-und-konditionen\/\" \/>\n<meta property=\"og:site_name\" content=\"OFFTHEHOOK Coworking and Coliving Space in Sagres, Algarve - Portugal\" \/>\n<meta property=\"article:modified_time\" content=\"2023-05-09T17:41:17+00:00\" \/>\n<meta name=\"twitter:card\" content=\"summary_large_image\" \/>\n<meta name=\"twitter:label1\" content=\"Gesch\u00e4tzte Lesezeit\" \/>\n\t<meta name=\"twitter:data1\" content=\"2\u00a0Minuten\" \/>\n<script type=\"application\/ld+json\" class=\"yoast-schema-graph\">{\"@context\":\"https:\\\/\\\/schema.org\",\"@graph\":[{\"@type\":\"WebPage\",\"@id\":\"https:\\\/\\\/offthehooksagres.com\\\/de\\\/bedingungen-und-konditionen\\\/\",\"url\":\"https:\\\/\\\/offthehooksagres.com\\\/de\\\/bedingungen-und-konditionen\\\/\",\"name\":\"Bedingungen und Konditionen - OFFTHEHOOK Coworking and Coliving Space in Sagres, Algarve - Portugal\",\"isPartOf\":{\"@id\":\"https:\\\/\\\/offthehooksagres.com\\\/de\\\/#website\"},\"datePublished\":\"2023-04-21T20:27:57+00:00\",\"dateModified\":\"2023-05-09T17:41:17+00:00\",\"breadcrumb\":{\"@id\":\"https:\\\/\\\/offthehooksagres.com\\\/de\\\/bedingungen-und-konditionen\\\/#breadcrumb\"},\"inLanguage\":\"de\",\"potentialAction\":[{\"@type\":\"ReadAction\",\"target\":[\"https:\\\/\\\/offthehooksagres.com\\\/de\\\/bedingungen-und-konditionen\\\/\"]}]},{\"@type\":\"BreadcrumbList\",\"@id\":\"https:\\\/\\\/offthehooksagres.com\\\/de\\\/bedingungen-und-konditionen\\\/#breadcrumb\",\"itemListElement\":[{\"@type\":\"ListItem\",\"position\":1,\"name\":\"Startseite\",\"item\":\"https:\\\/\\\/offthehooksagres.com\\\/de\\\/coworking-coliving-space-in-sagres\\\/\"},{\"@type\":\"ListItem\",\"position\":2,\"name\":\"Bedingungen und Konditionen\"}]},{\"@type\":\"WebSite\",\"@id\":\"https:\\\/\\\/offthehooksagres.com\\\/de\\\/#website\",\"url\":\"https:\\\/\\\/offthehooksagres.com\\\/de\\\/\",\"name\":\"OFFTHEHOOK Coworking and Coliving Space in Sagres, Algarve - Portugal\",\"description\":\"\",\"potentialAction\":[{\"@type\":\"SearchAction\",\"target\":{\"@type\":\"EntryPoint\",\"urlTemplate\":\"https:\\\/\\\/offthehooksagres.com\\\/de\\\/?s={search_term_string}\"},\"query-input\":{\"@type\":\"PropertyValueSpecification\",\"valueRequired\":true,\"valueName\":\"search_term_string\"}}],\"inLanguage\":\"de\"}]}<\/script>\n<!-- \/ Yoast SEO plugin. -->","yoast_head_json":{"title":"Bedingungen und Konditionen - OFFTHEHOOK Coworking and Coliving Space in Sagres, Algarve - Portugal","robots":{"index":"index","follow":"follow","max-snippet":"max-snippet:-1","max-image-preview":"max-image-preview:large","max-video-preview":"max-video-preview:-1"},"canonical":"https:\/\/offthehooksagres.com\/de\/bedingungen-und-konditionen\/","og_locale":"de_DE","og_type":"article","og_title":"Bedingungen und Konditionen - OFFTHEHOOK Coworking and Coliving Space in Sagres, Algarve - Portugal","og_url":"https:\/\/offthehooksagres.com\/de\/bedingungen-und-konditionen\/","og_site_name":"OFFTHEHOOK Coworking and Coliving Space in Sagres, Algarve - Portugal","article_modified_time":"2023-05-09T17:41:17+00:00","twitter_card":"summary_large_image","twitter_misc":{"Gesch\u00e4tzte Lesezeit":"2\u00a0Minuten"},"schema":{"@context":"https:\/\/schema.org","@graph":[{"@type":"WebPage","@id":"https:\/\/offthehooksagres.com\/de\/bedingungen-und-konditionen\/","url":"https:\/\/offthehooksagres.com\/de\/bedingungen-und-konditionen\/","name":"Bedingungen und Konditionen - OFFTHEHOOK Coworking and Coliving Space in Sagres, Algarve - Portugal","isPartOf":{"@id":"https:\/\/offthehooksagres.com\/de\/#website"},"datePublished":"2023-04-21T20:27:57+00:00","dateModified":"2023-05-09T17:41:17+00:00","breadcrumb":{"@id":"https:\/\/offthehooksagres.com\/de\/bedingungen-und-konditionen\/#breadcrumb"},"inLanguage":"de","potentialAction":[{"@type":"ReadAction","target":["https:\/\/offthehooksagres.com\/de\/bedingungen-und-konditionen\/"]}]},{"@type":"BreadcrumbList","@id":"https:\/\/offthehooksagres.com\/de\/bedingungen-und-konditionen\/#breadcrumb","itemListElement":[{"@type":"ListItem","position":1,"name":"Startseite","item":"https:\/\/offthehooksagres.com\/de\/coworking-coliving-space-in-sagres\/"},{"@type":"ListItem","position":2,"name":"Bedingungen und Konditionen"}]},{"@type":"WebSite","@id":"https:\/\/offthehooksagres.com\/de\/#website","url":"https:\/\/offthehooksagres.com\/de\/","name":"OFFTHEHOOK Coworking and Coliving Space in Sagres, Algarve - Portugal","description":"","potentialAction":[{"@type":"SearchAction","target":{"@type":"EntryPoint","urlTemplate":"https:\/\/offthehooksagres.com\/de\/?s={search_term_string}"},"query-input":{"@type":"PropertyValueSpecification","valueRequired":true,"valueName":"search_term_string"}}],"inLanguage":"de"}]}},"_links":{"self":[{"href":"https:\/\/offthehooksagres.com\/de\/wp-json\/wp\/v2\/pages\/4994","targetHints":{"allow":["GET"]}}],"collection":[{"href":"https:\/\/offthehooksagres.com\/de\/wp-json\/wp\/v2\/pages"}],"about":[{"href":"https:\/\/offthehooksagres.com\/de\/wp-json\/wp\/v2\/types\/page"}],"author":[{"embeddable":true,"href":"https:\/\/offthehooksagres.com\/de\/wp-json\/wp\/v2\/users\/4"}],"replies":[{"embeddable":true,"href":"https:\/\/offthehooksagres.com\/de\/wp-json\/wp\/v2\/comments?post=4994"}],"version-history":[{"count":3,"href":"https:\/\/offthehooksagres.com\/de\/wp-json\/wp\/v2\/pages\/4994\/revisions"}],"predecessor-version":[{"id":5290,"href":"https:\/\/offthehooksagres.com\/de\/wp-json\/wp\/v2\/pages\/4994\/revisions\/5290"}],"wp:attachment":[{"href":"https:\/\/offthehooksagres.com\/de\/wp-json\/wp\/v2\/media?parent=4994"}],"curies":[{"name":"wp","href":"https:\/\/api.w.org\/{rel}","templated":true}]}}