{"id":5019,"date":"2023-04-20T15:13:57","date_gmt":"2023-04-20T13:13:57","guid":{"rendered":"https:\/\/offthehooksagres.com\/faq-2\/"},"modified":"2024-02-17T16:44:37","modified_gmt":"2024-02-17T15:44:37","slug":"faq-2","status":"publish","type":"page","link":"https:\/\/offthehooksagres.com\/de\/faq-2\/","title":{"rendered":"faq"},"content":{"rendered":"<div  class='flex_column av-mxjb6l-f183aa1bd460e1ca568563842e77c505 av_one_full  avia-builder-el-0  avia-builder-el-no-sibling  first flex_column_div  '     ><section  class='av_textblock_section av-lgp5nhwg-1c810221ec277317b2e1c505bddb0929 '   itemscope=\"itemscope\" itemtype=\"https:\/\/schema.org\/CreativeWork\" ><div class='avia_textblock'  itemprop=\"text\" ><h3 style=\"text-align: center;\">FAQ &#8211; H\u00e4ufig gestellte Fragen<\/h3>\n<\/div><\/section><br \/>\n\n<style type=\"text\/css\" data-created_by=\"avia_inline_auto\" id=\"style-css-av-l795l9-a1ee4aa4e82515db64bf52eeef44f4f3\">\n#top .togglecontainer.av-l795l9-a1ee4aa4e82515db64bf52eeef44f4f3 p.toggler{\ncolor:#000000;\nbackground-color:rgba(196,196,196,0.5);\nborder-color:#666666;\n}\n#top .togglecontainer.av-l795l9-a1ee4aa4e82515db64bf52eeef44f4f3 p.toggler .toggle_icon{\ncolor:#666666;\nborder-color:#666666;\n}\n#top .togglecontainer.av-l795l9-a1ee4aa4e82515db64bf52eeef44f4f3 p.toggler .toggle_icon > span{\ncolor:#666666;\nborder-color:#666666;\n}\n#top .togglecontainer.av-l795l9-a1ee4aa4e82515db64bf52eeef44f4f3 .toggle_wrap .toggle_content{\ncolor:#000000;\nbackground-color:rgba(196,196,196,0.5);\nborder-color:#666666;\n}\n<\/style>\n<div  class='togglecontainer av-l795l9-a1ee4aa4e82515db64bf52eeef44f4f3 av-minimal-toggle  avia-builder-el-2  el_after_av_textblock  el_before_av_hr  toggle_close_all'  itemscope=\"itemscope\" itemtype=\"https:\/\/schema.org\/FAQPage\" >\n<section class='av_toggle_section av-j37o7h-0ce148e170e8b7b43a06af8473cb1dfd'  itemscope=\"itemscope\" itemprop=\"mainEntity\" itemtype=\"https:\/\/schema.org\/Question\" ><div role=\"tablist\" class=\"single_toggle\" data-tags=\"{Alle} \"  ><p id='toggle-toggle-id-1' data-fake-id='#toggle-id-1' class='toggler  av-title-above av-inherit-border-color'  itemprop=\"name\"  role='tab' tabindex='0' aria-controls='toggle-id-1' data-slide-speed=\"200\" data-title=\"Warum sollte ich OFF THE HOOK w\u00e4hlen?\" data-title-open=\"\" data-aria_collapsed=\"Click to expand: Warum sollte ich OFF THE HOOK w\u00e4hlen?\" data-aria_expanded=\"Click to collapse: Warum sollte ich OFF THE HOOK w\u00e4hlen?\">Warum sollte ich OFF THE HOOK w\u00e4hlen?<span class=\"toggle_icon\"><span class=\"vert_icon\"><\/span><span class=\"hor_icon\"><\/span><\/span><\/p><div id='toggle-id-1' aria-labelledby='toggle-toggle-id-1' role='region' class='toggle_wrap  av-title-above'   itemscope=\"itemscope\" itemprop=\"acceptedAnswer\" itemtype=\"https:\/\/schema.org\/Answer\" ><div class='toggle_content invers-color av-inherit-border-color'  itemprop=\"text\" ><p>OFF THE HOOK befindet sich in Sagres, einem der westlichsten Punkte Europas, und ist nur einen kurzen Spaziergang von verschiedenen Str\u00e4nden entfernt, die sowohl zum Entspannen als auch zum Surfen geeignet sind. Unser gesamtes Anwesen verf\u00fcgt \u00fcber blitzschnelles Internet, so dass du von \u00fcberall aus arbeiten kannst.<\/p>\n<p>Du kannst in deinem Zimmer arbeiten oder das B\u00fcro nutzen, ein separates Geb\u00e4ude neben dem Haupthaus. Nach der Arbeit kannst du auf der Dachterrasse entspannen und die Sonne genie\u00dfen oder eine unserer Yoga- oder Massagesitzungen buchen.<\/p>\n<h5>Erlebe einen Tapetenwechsel und fang an remote zu arbeiten bei OFF THE HOOK.<\/h5>\n<\/div><\/div><\/div><\/section>\n<section class='av_toggle_section av-ht3nel-dd68e0c6873322946aa6f7f59f17a060'  itemscope=\"itemscope\" itemprop=\"mainEntity\" itemtype=\"https:\/\/schema.org\/Question\" ><div role=\"tablist\" class=\"single_toggle\" data-tags=\"{Alle} \"  ><p id='toggle-toggle-id-2' data-fake-id='#toggle-id-2' class='toggler  av-title-above av-inherit-border-color'  itemprop=\"name\"  role='tab' tabindex='0' aria-controls='toggle-id-2' data-slide-speed=\"200\" data-title=\"Wie komme ich zu OFF THE HOOK?\" data-title-open=\"\" data-aria_collapsed=\"Click to expand: Wie komme ich zu OFF THE HOOK?\" data-aria_expanded=\"Click to collapse: Wie komme ich zu OFF THE HOOK?\">Wie komme ich zu OFF THE HOOK?<span class=\"toggle_icon\"><span class=\"vert_icon\"><\/span><span class=\"hor_icon\"><\/span><\/span><\/p><div id='toggle-id-2' aria-labelledby='toggle-toggle-id-2' role='region' class='toggle_wrap  av-title-above'   itemscope=\"itemscope\" itemprop=\"acceptedAnswer\" itemtype=\"https:\/\/schema.org\/Answer\" ><div class='toggle_content invers-color av-inherit-border-color'  itemprop=\"text\" ><p>Wenn du dir nicht sicher ist, wie du hierher kommst, klick einfach auf diesen <a href=\"https:\/\/offthehooksagres.com\/de\/kontakt\/\" target=\"_blank\" rel=\"noopener\">Link<\/a><\/p>\n<\/div><\/div><\/div><\/section>\n<section class='av_toggle_section av-fymdzx-91f5896e49a0a1334a8ea06dc4cb6879'  itemscope=\"itemscope\" itemprop=\"mainEntity\" itemtype=\"https:\/\/schema.org\/Question\" ><div role=\"tablist\" class=\"single_toggle\" data-tags=\"{Alle} \"  ><p id='toggle-toggle-id-3' data-fake-id='#toggle-id-3' class='toggler  av-title-above av-inherit-border-color'  itemprop=\"name\"  role='tab' tabindex='0' aria-controls='toggle-id-3' data-slide-speed=\"200\" data-title=\"Brauche ich ein Auto?\" data-title-open=\"\" data-aria_collapsed=\"Click to expand: Brauche ich ein Auto?\" data-aria_expanded=\"Click to collapse: Brauche ich ein Auto?\">Brauche ich ein Auto?<span class=\"toggle_icon\"><span class=\"vert_icon\"><\/span><span class=\"hor_icon\"><\/span><\/span><\/p><div id='toggle-id-3' aria-labelledby='toggle-toggle-id-3' role='region' class='toggle_wrap  av-title-above'   itemscope=\"itemscope\" itemprop=\"acceptedAnswer\" itemtype=\"https:\/\/schema.org\/Answer\" ><div class='toggle_content invers-color av-inherit-border-color'  itemprop=\"text\" ><p>Nat\u00fcrlich brauchst du keinen Mietwagen, denn wir befinden uns direkt im Zentrum von Sagres und sind auch von den Flugh\u00e4fen aus leicht mit dem Zug und Bus zu erreichen. Klicke <a href=\"https:\/\/offthehooksagres.com\/de\/kontakt\/\" target=\"_blank\" rel=\"noopener\">hier<\/a> f\u00fcr weitere Informationen.<\/p>\n<p>Aber ein Mietwagen gibt dir nat\u00fcrlich eine gewisse Art von Freiheit, je nachdem was du hier vor hast. Willst du so oft wie m\u00f6glich ins Wasser kommen und surfen? Dann ist ein Mietwagen nat\u00fcrlich eine gute M\u00f6glichkeit um nicht nur die Str\u00e4nde in Fu\u00dfn\u00e4he, sondern auch andere Str\u00e4nde zu erreichen und zu checken.<\/p>\n<p>Aber keine Sorge, wenn du ohne Auto ankommst. Du kannst in der Stadt auch Motorroller mieten oder den Bus benutzen. Die n\u00e4chste Bushaltestelle ist nur 100m um die Ecke.<\/p>\n<\/div><\/div><\/div><\/section>\n<section class='av_toggle_section av-e95li5-548b2ea5f07cf88cab5292804d2a04d3'  itemscope=\"itemscope\" itemprop=\"mainEntity\" itemtype=\"https:\/\/schema.org\/Question\" ><div role=\"tablist\" class=\"single_toggle\" data-tags=\"{Alle} \"  ><p id='toggle-toggle-id-4' data-fake-id='#toggle-id-4' class='toggler  av-title-above av-inherit-border-color'  itemprop=\"name\"  role='tab' tabindex='0' aria-controls='toggle-id-4' data-slide-speed=\"200\" data-title=\"Wie zuverl\u00e4ssig ist das Internet?\" data-title-open=\"\" data-aria_collapsed=\"Click to expand: Wie zuverl\u00e4ssig ist das Internet?\" data-aria_expanded=\"Click to collapse: Wie zuverl\u00e4ssig ist das Internet?\">Wie zuverl\u00e4ssig ist das Internet?<span class=\"toggle_icon\"><span class=\"vert_icon\"><\/span><span class=\"hor_icon\"><\/span><\/span><\/p><div id='toggle-id-4' aria-labelledby='toggle-toggle-id-4' role='region' class='toggle_wrap  av-title-above'   itemscope=\"itemscope\" itemprop=\"acceptedAnswer\" itemtype=\"https:\/\/schema.org\/Answer\" ><div class='toggle_content invers-color av-inherit-border-color'  itemprop=\"text\" ><p>Wir verf\u00fcgen \u00fcber einen 200-Mbps-Zugang und mehrere Router, um die Signalst\u00e4rke zu erh\u00f6hen und den Zugang im gesamten Geb\u00e4ude sicherzustellen.<\/p>\n<\/div><\/div><\/div><\/section>\n<section class='av_toggle_section av-cn4wlp-1117ebd5081a962ea406c9bfe0c088fe'  itemscope=\"itemscope\" itemprop=\"mainEntity\" itemtype=\"https:\/\/schema.org\/Question\" ><div role=\"tablist\" class=\"single_toggle\" data-tags=\"{Alle} \"  ><p id='toggle-toggle-id-5' data-fake-id='#toggle-id-5' class='toggler  av-title-above av-inherit-border-color'  itemprop=\"name\"  role='tab' tabindex='0' aria-controls='toggle-id-5' data-slide-speed=\"200\" data-title=\"Gibt es guten surf?\" data-title-open=\"\" data-aria_collapsed=\"Click to expand: Gibt es guten surf?\" data-aria_expanded=\"Click to collapse: Gibt es guten surf?\">Gibt es guten surf?<span class=\"toggle_icon\"><span class=\"vert_icon\"><\/span><span class=\"hor_icon\"><\/span><\/span><\/p><div id='toggle-id-5' aria-labelledby='toggle-toggle-id-5' role='region' class='toggle_wrap  av-title-above'   itemscope=\"itemscope\" itemprop=\"acceptedAnswer\" itemtype=\"https:\/\/schema.org\/Answer\" ><div class='toggle_content invers-color av-inherit-border-color'  itemprop=\"text\" ><p>Die Qualit\u00e4t vom Surf variiert je nach der Jahreszeit. In den Wintermonaten (Oktober bis M\u00e4rz) gibt es an der Westk\u00fcste gr\u00f6\u00dfere Swells und auch an der S\u00fcdk\u00fcste kann man immer wieder an einigen Spots direkt vor dem Haus surfen (z. B. <a href=\"https:\/\/magicseaweed.com\/Sagres-South-Surf-Report\/1098\/\" target=\"_blank\" rel=\"noopener\">Mareta<\/a>).<\/p>\n<p>Wenn es w\u00e4rmer wird, werden die Wellen tendenziell kleiner, aber aufgrund unserer Lage wirst du immer einige Wellen finden, die zu Fu\u00df erreichbar sind (z. B. <a href=\"https:\/\/magicseaweed.com\/Sagres-Tonel-Surf-Report\/128\/\" target=\"_blank\" rel=\"noopener\">Tonel<\/a>) oder wenn du die K\u00fcste hinauff\u00e4hrst.<\/p>\n<\/div><\/div><\/div><\/section>\n<section class='av_toggle_section av-abti7h-a9afda2a5ca479e6b6c3c356d81de03d'  itemscope=\"itemscope\" itemprop=\"mainEntity\" itemtype=\"https:\/\/schema.org\/Question\" ><div role=\"tablist\" class=\"single_toggle\" data-tags=\"{Alle} \"  ><p id='toggle-toggle-id-6' data-fake-id='#toggle-id-6' class='toggler  av-title-above av-inherit-border-color'  itemprop=\"name\"  role='tab' tabindex='0' aria-controls='toggle-id-6' data-slide-speed=\"200\" data-title=\"Gibt es viele Surfspots in der Umgebung?\" data-title-open=\"\" data-aria_collapsed=\"Click to expand: Gibt es viele Surfspots in der Umgebung?\" data-aria_expanded=\"Click to collapse: Gibt es viele Surfspots in der Umgebung?\">Gibt es viele Surfspots in der Umgebung?<span class=\"toggle_icon\"><span class=\"vert_icon\"><\/span><span class=\"hor_icon\"><\/span><\/span><\/p><div id='toggle-id-6' aria-labelledby='toggle-toggle-id-6' role='region' class='toggle_wrap  av-title-above'   itemscope=\"itemscope\" itemprop=\"acceptedAnswer\" itemtype=\"https:\/\/schema.org\/Answer\" ><div class='toggle_content invers-color av-inherit-border-color'  itemprop=\"text\" ><p>Es gibt viele sehr best\u00e4ndige und hochwertige Surfspots gleich um die Ecke.<\/p>\n<p>Unter den folgenden Links findest du eine ausf\u00fchrlichere Beschreibung:<\/p>\n<ul>\n<li><a href=\"https:\/\/magicseaweed.com\/Sagres-Tonel-Surf-Report\/128\/\" target=\"_blank\" rel=\"noopener\">Tonel<\/a>, Hausspot 5-10 min zu Fu\u00df (sehr best\u00e4ndig)<\/li>\n<li><a href=\"https:\/\/magicseaweed.com\/Sagres-South-Surf-Report\/1098\/\" target=\"_blank\" rel=\"noopener\">Mareta<\/a>, Hausspot 5-10 Minuten Fu\u00dfweg (funktioniert bei gro\u00dfem West- oder S\u00fcdswell)<\/li>\n<li><a href=\"https:\/\/magicseaweed.com\/Beliche-Surf-Report\/4323\/\" target=\"_blank\" rel=\"noopener\">Beliche<\/a><\/li>\n<li><a href=\"https:\/\/magicseaweed.com\/Praia-da-Cordoama-Surf-Report\/4327\/\" target=\"_blank\" rel=\"noopener\">Cordoama<\/a><\/li>\n<li><a href=\"https:\/\/magicseaweed.com\/Praia-Castelejo-Surf-Report\/4326\/\" target=\"_blank\" rel=\"noopener\">Castelejo<\/a><\/li>\n<li><a href=\"https:\/\/magicseaweed.com\/Carrapateira-Surf-Report\/130\/\" target=\"_blank\" rel=\"noopener\">Carrapateira<\/a><\/li>\n<li><a href=\"https:\/\/magicseaweed.com\/Praia-da-Bordeira-Surf-Report\/4328\/\" target=\"_blank\" rel=\"noopener\">Bordeira<\/a><\/li>\n<li><a href=\"https:\/\/magicseaweed.com\/Zavial-Surf-Report\/4324\/\" target=\"_blank\" rel=\"noopener\">Zavial<\/a><\/li>\n<li>&#8230; und viele Weitere, die es zu entdecken gibt<\/li>\n<\/ul>\n<\/div><\/div><\/div><\/section>\n<section class='av_toggle_section av-8h9vx9-c3c980f308330069052d4f8b7fe7389c'  itemscope=\"itemscope\" itemprop=\"mainEntity\" itemtype=\"https:\/\/schema.org\/Question\" ><div role=\"tablist\" class=\"single_toggle\" data-tags=\"{Alle} \"  ><p id='toggle-toggle-id-7' data-fake-id='#toggle-id-7' class='toggler  av-title-above av-inherit-border-color'  itemprop=\"name\"  role='tab' tabindex='0' aria-controls='toggle-id-7' data-slide-speed=\"200\" data-title=\"Wie warm ist das Wasser?\" data-title-open=\"\" data-aria_collapsed=\"Click to expand: Wie warm ist das Wasser?\" data-aria_expanded=\"Click to collapse: Wie warm ist das Wasser?\">Wie warm ist das Wasser?<span class=\"toggle_icon\"><span class=\"vert_icon\"><\/span><span class=\"hor_icon\"><\/span><\/span><\/p><div id='toggle-id-7' aria-labelledby='toggle-toggle-id-7' role='region' class='toggle_wrap  av-title-above'   itemscope=\"itemscope\" itemprop=\"acceptedAnswer\" itemtype=\"https:\/\/schema.org\/Answer\" ><div class='toggle_content invers-color av-inherit-border-color'  itemprop=\"text\" ><p>Je nach Jahreszeit \u00e4ndert sich nat\u00fcrlich auch die Wassertemperatur. In den Wintermonaten hingegen sinkt die Wassertemperatur normalerweise nicht unter 16 \u00b0C, so dass du einen 5\/4- oder 4\/3-Neoprenanzug tragen kannst. Im Hinblick auf deine Komfortzone werden Haube und Booties empfohlen.<\/p>\n<p>Die Wassertemperaturen k\u00f6nnen im Sommer bis zu 18-20 \u00b0C erreichen, so dass du je nach Komfortzone einen 3\/2- oder 4\/3-Neoprenanzug tragen kannst.<\/p>\n<\/div><\/div><\/div><\/section>\n<section class='av_toggle_section av-712tbh-9f0801d425f52cd78b3a7af5aa4078b0'  itemscope=\"itemscope\" itemprop=\"mainEntity\" itemtype=\"https:\/\/schema.org\/Question\" ><div role=\"tablist\" class=\"single_toggle\" data-tags=\"{Alle} \"  ><p id='toggle-toggle-id-8' data-fake-id='#toggle-id-8' class='toggler  av-title-above av-inherit-border-color'  itemprop=\"name\"  role='tab' tabindex='0' aria-controls='toggle-id-8' data-slide-speed=\"200\" data-title=\"Wie viele Personen k\u00f6nnen bei OTH \u00fcbernachten?\" data-title-open=\"\" data-aria_collapsed=\"Click to expand: Wie viele Personen k\u00f6nnen bei OTH \u00fcbernachten?\" data-aria_expanded=\"Click to collapse: Wie viele Personen k\u00f6nnen bei OTH \u00fcbernachten?\">Wie viele Personen k\u00f6nnen bei OTH \u00fcbernachten?<span class=\"toggle_icon\"><span class=\"vert_icon\"><\/span><span class=\"hor_icon\"><\/span><\/span><\/p><div id='toggle-id-8' aria-labelledby='toggle-toggle-id-8' role='region' class='toggle_wrap  av-title-above'   itemscope=\"itemscope\" itemprop=\"acceptedAnswer\" itemtype=\"https:\/\/schema.org\/Answer\" ><div class='toggle_content invers-color av-inherit-border-color'  itemprop=\"text\" ><p>Derzeit haben wir 7 Zweibettzimmer zur gemeinsamen oder privaten Nutzung, sowie 1 privates Doppelzimmer zur Verf\u00fcgung. Das erm\u00f6glicht eine maximale Kapazit\u00e4t von 16 G\u00e4sten.<\/p>\n<\/div><\/div><\/div><\/section>\n<section class='av_toggle_section av-56zwvx-86e989846397e7c93b67b1c3354e6e16'  itemscope=\"itemscope\" itemprop=\"mainEntity\" itemtype=\"https:\/\/schema.org\/Question\" ><div role=\"tablist\" class=\"single_toggle\" data-tags=\"{Alle} \"  ><p id='toggle-toggle-id-9' data-fake-id='#toggle-id-9' class='toggler  av-title-above av-inherit-border-color'  itemprop=\"name\"  role='tab' tabindex='0' aria-controls='toggle-id-9' data-slide-speed=\"200\" data-title=\"Kann man die Villa auch f\u00fcr Arbeitsveranstaltungen buchen?\" data-title-open=\"\" data-aria_collapsed=\"Click to expand: Kann man die Villa auch f\u00fcr Arbeitsveranstaltungen buchen?\" data-aria_expanded=\"Click to collapse: Kann man die Villa auch f\u00fcr Arbeitsveranstaltungen buchen?\">Kann man die Villa auch f\u00fcr Arbeitsveranstaltungen buchen?<span class=\"toggle_icon\"><span class=\"vert_icon\"><\/span><span class=\"hor_icon\"><\/span><\/span><\/p><div id='toggle-id-9' aria-labelledby='toggle-toggle-id-9' role='region' class='toggle_wrap  av-title-above'   itemscope=\"itemscope\" itemprop=\"acceptedAnswer\" itemtype=\"https:\/\/schema.org\/Answer\" ><div class='toggle_content invers-color av-inherit-border-color'  itemprop=\"text\" ><p>Wenn du einen Workshop veranstalten oder ein Gesch\u00e4ftstreffen mit deinem Team abhalten m\u00f6chtest, gibt es nat\u00fcrlich die M\u00f6glichkeit, die gesamte Villa zu buchen oder den Konferenzraum im B\u00fcro zu nutzen. Falls du daran interessiert bist, kontaktiere uns bitte \u00fcber unser Kontaktformular <a href=\"https:\/\/offthehooksagres.com\/de\/kontakt\/\" target=\"_blank\" rel=\"noopener\">hier<\/a>.<\/p>\n<\/div><\/div><\/div><\/section>\n<section class='av_toggle_section av-3t0cxp-b15314767eaa50ccddf37d11308d88d6'  itemscope=\"itemscope\" itemprop=\"mainEntity\" itemtype=\"https:\/\/schema.org\/Question\" ><div role=\"tablist\" class=\"single_toggle\" data-tags=\"{Alle} \"  ><p id='toggle-toggle-id-10' data-fake-id='#toggle-id-10' class='toggler  av-title-above av-inherit-border-color'  itemprop=\"name\"  role='tab' tabindex='0' aria-controls='toggle-id-10' data-slide-speed=\"200\" data-title=\"Kann ich das B\u00fcro auch nutzen, wenn ich nicht bei euch wohne?\" data-title-open=\"\" data-aria_collapsed=\"Click to expand: Kann ich das B\u00fcro auch nutzen, wenn ich nicht bei euch wohne?\" data-aria_expanded=\"Click to collapse: Kann ich das B\u00fcro auch nutzen, wenn ich nicht bei euch wohne?\">Kann ich das B\u00fcro auch nutzen, wenn ich nicht bei euch wohne?<span class=\"toggle_icon\"><span class=\"vert_icon\"><\/span><span class=\"hor_icon\"><\/span><\/span><\/p><div id='toggle-id-10' aria-labelledby='toggle-toggle-id-10' role='region' class='toggle_wrap  av-title-above'   itemscope=\"itemscope\" itemprop=\"acceptedAnswer\" itemtype=\"https:\/\/schema.org\/Answer\" ><div class='toggle_content invers-color av-inherit-border-color'  itemprop=\"text\" ><p>Aber nat\u00fcrlich! Ganz gleich, ob du als digitaler Nomade mit deinem Van unterwegs bist oder einfach nur einen Tapetenwechsel brauchst, du bist immer willkommen und kannst unser B\u00fcro als Arbeitsraum nutzen. Bitte ruf uns an oder schick uns eine Textnachricht, um das B\u00fcro zu buchen: +351 911 782 436.<\/p>\n<\/div><\/div><\/div><\/section>\n<section class='av_toggle_section av-2kufa5-2b92c0c5a4de2f4df7a11f75fba4a23e'  itemscope=\"itemscope\" itemprop=\"mainEntity\" itemtype=\"https:\/\/schema.org\/Question\" ><div role=\"tablist\" class=\"single_toggle\" data-tags=\"{Alle} \"  ><p id='toggle-toggle-id-11' data-fake-id='#toggle-id-11' class='toggler  av-title-above av-inherit-border-color'  itemprop=\"name\"  role='tab' tabindex='0' aria-controls='toggle-id-11' data-slide-speed=\"200\" data-title=\"Muss ich selbst kochen?\" data-title-open=\"\" data-aria_collapsed=\"Click to expand: Muss ich selbst kochen?\" data-aria_expanded=\"Click to collapse: Muss ich selbst kochen?\">Muss ich selbst kochen?<span class=\"toggle_icon\"><span class=\"vert_icon\"><\/span><span class=\"hor_icon\"><\/span><\/span><\/p><div id='toggle-id-11' aria-labelledby='toggle-toggle-id-11' role='region' class='toggle_wrap  av-title-above'   itemscope=\"itemscope\" itemprop=\"acceptedAnswer\" itemtype=\"https:\/\/schema.org\/Answer\" ><div class='toggle_content invers-color av-inherit-border-color'  itemprop=\"text\" ><p>Ja, wir verf\u00fcgen \u00fcber eine gro\u00dfe K\u00fcche, die von allen genutzt werden kann. Au\u00dferdem haben wir einen gro\u00dfen Grill, der sich hervorragend f\u00fcr gesellige BBQs eignet. Bitte beachte, dass wir eine Selbstversorger-Unterkunft sind und weder Fr\u00fchst\u00fcck noch Mittag- oder Abendessen anbieten. Wenn du nicht selbst kochen m\u00f6chtest, gibt es viele leckere Restaurants und Snackbars gleich um die Ecke.<\/p>\n<\/div><\/div><\/div><\/section>\n<\/div><br \/>\n<div  class='hr av-2z9r9p-9ccb9722d89623ea0467f414bd3f93dd hr-default  avia-builder-el-3  el_after_av_toggle_container  avia-builder-el-last '><span class='hr-inner '><span class=\"hr-inner-style\"><\/span><\/span><\/div><\/p><\/div>\n","protected":false},"excerpt":{"rendered":"","protected":false},"author":4,"featured_media":0,"parent":0,"menu_order":0,"comment_status":"closed","ping_status":"closed","template":"","meta":{"footnotes":""},"class_list":["post-5019","page","type-page","status-publish","hentry"],"yoast_head":"<!-- This site is optimized with the Yoast SEO plugin v27.3 - https:\/\/yoast.com\/product\/yoast-seo-wordpress\/ -->\n<title>FAQ - H\u00e4ufig gestellte Fragen -<\/title>\n<meta name=\"description\" content=\"FAQ - H\u00e4ufig gestellte Fragen| H\u00e4ufig gestellte Fragen -\" \/>\n<meta name=\"robots\" content=\"index, follow, max-snippet:-1, max-image-preview:large, max-video-preview:-1\" \/>\n<link rel=\"canonical\" href=\"https:\/\/offthehooksagres.com\/de\/faq-2\/\" \/>\n<meta property=\"og:locale\" content=\"de_DE\" \/>\n<meta property=\"og:type\" content=\"article\" \/>\n<meta property=\"og:title\" content=\"FAQ - H\u00e4ufig gestellte Fragen -\" \/>\n<meta property=\"og:description\" content=\"FAQ - H\u00e4ufig gestellte Fragen| H\u00e4ufig gestellte Fragen -\" \/>\n<meta property=\"og:url\" content=\"https:\/\/offthehooksagres.com\/de\/faq-2\/\" \/>\n<meta property=\"og:site_name\" content=\"OFFTHEHOOK Coworking and Coliving Space in Sagres, Algarve - Portugal\" \/>\n<meta property=\"article:modified_time\" content=\"2024-02-17T15:44:37+00:00\" \/>\n<meta name=\"twitter:card\" content=\"summary_large_image\" \/>\n<meta name=\"twitter:label1\" content=\"Gesch\u00e4tzte Lesezeit\" \/>\n\t<meta name=\"twitter:data1\" content=\"5\u00a0Minuten\" \/>\n<script type=\"application\/ld+json\" class=\"yoast-schema-graph\">{\"@context\":\"https:\\\/\\\/schema.org\",\"@graph\":[{\"@type\":\"WebPage\",\"@id\":\"https:\\\/\\\/offthehooksagres.com\\\/de\\\/faq-2\\\/\",\"url\":\"https:\\\/\\\/offthehooksagres.com\\\/de\\\/faq-2\\\/\",\"name\":\"FAQ - H\u00e4ufig gestellte Fragen -\",\"isPartOf\":{\"@id\":\"https:\\\/\\\/offthehooksagres.com\\\/de\\\/#website\"},\"datePublished\":\"2023-04-20T13:13:57+00:00\",\"dateModified\":\"2024-02-17T15:44:37+00:00\",\"description\":\"FAQ - H\u00e4ufig gestellte Fragen| H\u00e4ufig gestellte Fragen -\",\"breadcrumb\":{\"@id\":\"https:\\\/\\\/offthehooksagres.com\\\/de\\\/faq-2\\\/#breadcrumb\"},\"inLanguage\":\"de\",\"potentialAction\":[{\"@type\":\"ReadAction\",\"target\":[\"https:\\\/\\\/offthehooksagres.com\\\/de\\\/faq-2\\\/\"]}]},{\"@type\":\"BreadcrumbList\",\"@id\":\"https:\\\/\\\/offthehooksagres.com\\\/de\\\/faq-2\\\/#breadcrumb\",\"itemListElement\":[{\"@type\":\"ListItem\",\"position\":1,\"name\":\"Startseite\",\"item\":\"https:\\\/\\\/offthehooksagres.com\\\/de\\\/coworking-coliving-space-in-sagres\\\/\"},{\"@type\":\"ListItem\",\"position\":2,\"name\":\"faq\"}]},{\"@type\":\"WebSite\",\"@id\":\"https:\\\/\\\/offthehooksagres.com\\\/de\\\/#website\",\"url\":\"https:\\\/\\\/offthehooksagres.com\\\/de\\\/\",\"name\":\"OFFTHEHOOK Coworking and Coliving Space in Sagres, Algarve - Portugal\",\"description\":\"\",\"potentialAction\":[{\"@type\":\"SearchAction\",\"target\":{\"@type\":\"EntryPoint\",\"urlTemplate\":\"https:\\\/\\\/offthehooksagres.com\\\/de\\\/?s={search_term_string}\"},\"query-input\":{\"@type\":\"PropertyValueSpecification\",\"valueRequired\":true,\"valueName\":\"search_term_string\"}}],\"inLanguage\":\"de\"}]}<\/script>\n<!-- \/ Yoast SEO plugin. -->","yoast_head_json":{"title":"FAQ - H\u00e4ufig gestellte Fragen -","description":"FAQ - H\u00e4ufig gestellte Fragen| H\u00e4ufig gestellte Fragen -","robots":{"index":"index","follow":"follow","max-snippet":"max-snippet:-1","max-image-preview":"max-image-preview:large","max-video-preview":"max-video-preview:-1"},"canonical":"https:\/\/offthehooksagres.com\/de\/faq-2\/","og_locale":"de_DE","og_type":"article","og_title":"FAQ - H\u00e4ufig gestellte Fragen -","og_description":"FAQ - H\u00e4ufig gestellte Fragen| H\u00e4ufig gestellte Fragen -","og_url":"https:\/\/offthehooksagres.com\/de\/faq-2\/","og_site_name":"OFFTHEHOOK Coworking and Coliving Space in Sagres, Algarve - Portugal","article_modified_time":"2024-02-17T15:44:37+00:00","twitter_card":"summary_large_image","twitter_misc":{"Gesch\u00e4tzte Lesezeit":"5\u00a0Minuten"},"schema":{"@context":"https:\/\/schema.org","@graph":[{"@type":"WebPage","@id":"https:\/\/offthehooksagres.com\/de\/faq-2\/","url":"https:\/\/offthehooksagres.com\/de\/faq-2\/","name":"FAQ - H\u00e4ufig gestellte Fragen -","isPartOf":{"@id":"https:\/\/offthehooksagres.com\/de\/#website"},"datePublished":"2023-04-20T13:13:57+00:00","dateModified":"2024-02-17T15:44:37+00:00","description":"FAQ - H\u00e4ufig gestellte Fragen| H\u00e4ufig gestellte Fragen -","breadcrumb":{"@id":"https:\/\/offthehooksagres.com\/de\/faq-2\/#breadcrumb"},"inLanguage":"de","potentialAction":[{"@type":"ReadAction","target":["https:\/\/offthehooksagres.com\/de\/faq-2\/"]}]},{"@type":"BreadcrumbList","@id":"https:\/\/offthehooksagres.com\/de\/faq-2\/#breadcrumb","itemListElement":[{"@type":"ListItem","position":1,"name":"Startseite","item":"https:\/\/offthehooksagres.com\/de\/coworking-coliving-space-in-sagres\/"},{"@type":"ListItem","position":2,"name":"faq"}]},{"@type":"WebSite","@id":"https:\/\/offthehooksagres.com\/de\/#website","url":"https:\/\/offthehooksagres.com\/de\/","name":"OFFTHEHOOK Coworking and Coliving Space in Sagres, Algarve - Portugal","description":"","potentialAction":[{"@type":"SearchAction","target":{"@type":"EntryPoint","urlTemplate":"https:\/\/offthehooksagres.com\/de\/?s={search_term_string}"},"query-input":{"@type":"PropertyValueSpecification","valueRequired":true,"valueName":"search_term_string"}}],"inLanguage":"de"}]}},"_links":{"self":[{"href":"https:\/\/offthehooksagres.com\/de\/wp-json\/wp\/v2\/pages\/5019","targetHints":{"allow":["GET"]}}],"collection":[{"href":"https:\/\/offthehooksagres.com\/de\/wp-json\/wp\/v2\/pages"}],"about":[{"href":"https:\/\/offthehooksagres.com\/de\/wp-json\/wp\/v2\/types\/page"}],"author":[{"embeddable":true,"href":"https:\/\/offthehooksagres.com\/de\/wp-json\/wp\/v2\/users\/4"}],"replies":[{"embeddable":true,"href":"https:\/\/offthehooksagres.com\/de\/wp-json\/wp\/v2\/comments?post=5019"}],"version-history":[{"count":21,"href":"https:\/\/offthehooksagres.com\/de\/wp-json\/wp\/v2\/pages\/5019\/revisions"}],"predecessor-version":[{"id":5662,"href":"https:\/\/offthehooksagres.com\/de\/wp-json\/wp\/v2\/pages\/5019\/revisions\/5662"}],"wp:attachment":[{"href":"https:\/\/offthehooksagres.com\/de\/wp-json\/wp\/v2\/media?parent=5019"}],"curies":[{"name":"wp","href":"https:\/\/api.w.org\/{rel}","templated":true}]}}