{"id":5056,"date":"2019-06-08T13:00:38","date_gmt":"2019-06-08T11:00:38","guid":{"rendered":"https:\/\/offthehooksagres.com\/rechtlicher-hinweis\/"},"modified":"2023-05-09T19:46:25","modified_gmt":"2023-05-09T17:46:25","slug":"rechtlicher-hinweis","status":"publish","type":"page","link":"https:\/\/offthehooksagres.com\/de\/rechtlicher-hinweis\/","title":{"rendered":"Rechtlicher Hinweis"},"content":{"rendered":"\n<style type=\"text\/css\" data-created_by=\"avia_inline_auto\" id=\"style-css-av-2oofx3-897737fb7390fc8923ff1a9c8f62ea0f\">\n.flex_column.av-2oofx3-897737fb7390fc8923ff1a9c8f62ea0f{\nborder-radius:0px 0px 0px 0px;\npadding:0px 0px 0px 0px;\n}\n<\/style>\n<div  class='flex_column av-2oofx3-897737fb7390fc8923ff1a9c8f62ea0f av_one_full  avia-builder-el-0  el_before_av_codeblock  avia-builder-el-first  first flex_column_div av-zero-column-padding  '     ><style type=\"text\/css\" data-created_by=\"avia_inline_auto\" id=\"style-css-av-jwvtxjty-57c379f4b5b80bcc2cddae59182b6df0\">\n#top .av_textblock_section.av-jwvtxjty-57c379f4b5b80bcc2cddae59182b6df0 .avia_textblock{\ncolor:#000000;\n}\n<\/style>\n<section  class='av_textblock_section av-jwvtxjty-57c379f4b5b80bcc2cddae59182b6df0 '   itemscope=\"itemscope\" itemtype=\"https:\/\/schema.org\/CreativeWork\" ><div class='avia_textblock av_inherit_color'  itemprop=\"text\" ><h1 align=\"LEFT\">Rechtlicher Hinweis<\/h1>\n<p align=\"LEFT\">OFF THE HOOK<\/p>\n<p>Rua Das Cercas<br \/>\n8650-365 Sagres, Faro<br \/>\nPortugal<\/p>\n<p>Telefon<br \/>\n<a class=\"btn_phone\" href=\"tel:351282760964\">+351 282 760 964<\/a><\/p>\n<p>E-Mail: <a href=\"mailto:&#099;&#111;&#110;&#116;ac&#116;&#064;thesurf&#101;x&#112;&#101;&#114;&#105;&#101;&#110;&#099;e.&#101;u\">&#099;&#111;&#110;&#116;ac&#116;&#064;thesurf&#101;x&#112;&#101;&#114;&#105;&#101;&#110;&#099;e.&#101;u<\/a><\/p>\n<p align=\"LEFT\">TSE, Das Surferlebnis<\/p>\n<p>Rua Das Cercas<\/p>\n<p>8650-365 Sagres, Faro<\/p>\n<p align=\"LEFT\">Haftungsausschluss<\/p>\n<p align=\"LEFT\"><b><strong>Haftung f\u00fcr Inhalte<\/strong><br \/>\n<\/b><\/p>\n<p align=\"LEFT\"><b>Der Inhalt dieser Website wurde mit gr\u00f6\u00dftm\u00f6glicher Sorgfalt erstellt. Ich kann jedoch nicht garantieren, dass die darin enthaltenen Informationen richtig, vollst\u00e4ndig oder aktuell sind. Als Diensteanbieter bin ich gem\u00e4\u00df \u00a7 6 Abs.1 Mediendienste-Staatsvertrag und \u00a7 8 Abs.1 Teledienstegesetz f\u00fcr eigene Inhalte auf diesen Seiten verantwortlich. Diensteanbieter sind jedoch nicht verpflichtet, die von ihnen \u00fcbermittelten oder gespeicherten fremden Informationen zu \u00fcberwachen oder nach Umst\u00e4nden zu forschen, die auf eine rechtswidrige T\u00e4tigkeit hinweisen. Dies ber\u00fchrt nicht meine gesetzlichen Verpflichtungen zur Entfernung oder Sperrung der Nutzung von Informationen. Eine diesbez\u00fcgliche Haftung meinerseits ist jedoch erst ab dem Zeitpunkt der Kenntnis einer konkreten Rechtsverletzung m\u00f6glich. Bei Bekanntwerden von entsprechenden Rechtsverletzungen werde ich diese Inhalte umgehend entfernen.<br \/>\n<\/b><\/p>\n<p align=\"LEFT\">__________________________________________________________________________<\/p>\n<p><strong><b>Haftung f\u00fcr Links<\/b><\/strong><\/p>\n<p align=\"LEFT\"><b>Diese Website enth\u00e4lt Links zu externen Websites Dritter, auf deren Inhalt ich keinen Einfluss habe. Deshalb kann ich f\u00fcr diese fremden Inhalte auch keine Gew\u00e4hr \u00fcbernehmen. F\u00fcr die Inhalte der verlinkten Seiten ist ausschlie\u00dflich der jeweilige Anbieter oder Betreiber der Seiten verantwortlich. Die verlinkten Seiten wurden zum Zeitpunkt der Verlinkung auf m\u00f6gliche Rechtsverst\u00f6\u00dfe \u00fcberpr\u00fcft. Zu diesem Zeitpunkt war mir kein Inhalt bekannt, der gegen das Gesetz versto\u00dfen k\u00f6nnte. Eine st\u00e4ndige Kontrolle der Inhalte der verlinkten Seiten ist jedoch ohne konkrete Hinweise auf Rechtsverst\u00f6\u00dfe nicht zumutbar. Bei Bekanntwerden von Rechtsverletzungen werde ich derartige Links umgehend entfernen.<\/b><\/p>\n<p align=\"LEFT\">__________________________________________________________________________<\/p>\n<p align=\"LEFT\"><strong><b>Urheberrecht<\/b><\/strong><br \/>\nDer Betreiber dieser Website ist bem\u00fcht, stets die Urheberrechte anderer zu beachten bzw. auf selbst erstellte sowie lizenzfreie Werke zur\u00fcckzugreifen. Die durch den Seitenbetreiber erstellten Inhalte und Werke auf diesen Seiten unterliegen dem deutschen Urheberrecht. Downloads und Kopien dieser Seite sind nur f\u00fcr den privaten, nicht kommerziellen Gebrauch gestattet. Die Vervielf\u00e4ltigung, Bearbeitung, Verbreitung und jede Art der Verwertung au\u00dferhalb der Grenzen des Urheberrechtes bed\u00fcrfen der schriftlichen Zustimmung des jeweiligen Autors bzw. Erstellers. Beitr\u00e4ge Dritter sind als solche gekennzeichnet. Sollte <b>Sollte jemand auf eine m\u00f6gliche Urheberrechtsverletzung aufmerksam werden, bitte ich um einen entsprechenden Hinweis. Bei Bekanntwerden von entsprechenden Rechtsverletzungen werde ich diese Inhalte umgehend entfernen.<\/b><\/p>\n<p align=\"LEFT\"><strong><b>Datenschutz<\/b><\/strong><br \/>\nDie Nutzung dieser Website ist in der Regel ohne Angabe personenbezogener Daten m\u00f6glich. Soweit auf unseren Seiten personenbezogene Daten (beispielsweise Name, Anschrift oder eMail-Adressen) erhoben werden, erfolgt dies soweit m\u00f6glich stets auf freiwilliger Basis. Diese Daten werden ohne ausdr\u00fcckliche Zustimmung des Nutzers nicht an Dritte weitergegeben. Wir weisen darauf hin, dass die Daten\u00fcbertragung im Internet (z.B. bei der Kommunikation per E-Mail) Sicherheitsl\u00fccken aufweisen kann. Ein l\u00fcckenloser Schutz der Daten vor dem Zugriff unberechtigter Dritter ist nicht m\u00f6glich. Der Nutzung von im Rahmen der Impressumspflicht ver\u00f6ffentlichten Kontaktdaten durch Dritte zur \u00dcbersendung von nicht ausdr\u00fccklich angeforderter Werbung und Informationsmaterialien wird hiermit ausdr\u00fccklich widersprochen. Die Betreiber der Seiten behalten sich ausdr\u00fccklich rechtliche Schritte im Falle der unverlangten Zusendung von Werbeinformationen, etwa durch Spam-Mails, vor.<\/p>\n<p align=\"LEFT\">__________________________________________________________________________<\/p>\n<\/div><\/section><\/div><\/p>\n","protected":false},"excerpt":{"rendered":"","protected":false},"author":5,"featured_media":0,"parent":0,"menu_order":0,"comment_status":"closed","ping_status":"closed","template":"","meta":{"footnotes":""},"class_list":["post-5056","page","type-page","status-publish","hentry"],"yoast_head":"<!-- This site is optimized with the Yoast SEO plugin v27.4 - https:\/\/yoast.com\/product\/yoast-seo-wordpress\/ -->\n<title>Rechtlicher Hinweis - OFFTHEHOOK Coworking and Coliving Space in Sagres, Algarve - Portugal<\/title>\n<meta name=\"robots\" content=\"index, follow, max-snippet:-1, max-image-preview:large, max-video-preview:-1\" \/>\n<link rel=\"canonical\" href=\"https:\/\/offthehooksagres.com\/de\/rechtlicher-hinweis\/\" \/>\n<meta property=\"og:locale\" content=\"de_DE\" \/>\n<meta property=\"og:type\" content=\"article\" \/>\n<meta property=\"og:title\" content=\"Rechtlicher Hinweis - OFFTHEHOOK Coworking and Coliving Space in Sagres, Algarve - Portugal\" \/>\n<meta property=\"og:url\" content=\"https:\/\/offthehooksagres.com\/de\/rechtlicher-hinweis\/\" \/>\n<meta property=\"og:site_name\" content=\"OFFTHEHOOK Coworking and Coliving Space in Sagres, Algarve - Portugal\" \/>\n<meta property=\"article:modified_time\" content=\"2023-05-09T17:46:25+00:00\" \/>\n<meta name=\"twitter:card\" content=\"summary_large_image\" \/>\n<meta name=\"twitter:label1\" content=\"Gesch\u00e4tzte Lesezeit\" \/>\n\t<meta name=\"twitter:data1\" content=\"3\u00a0Minuten\" \/>\n<script type=\"application\/ld+json\" class=\"yoast-schema-graph\">{\"@context\":\"https:\\\/\\\/schema.org\",\"@graph\":[{\"@type\":\"WebPage\",\"@id\":\"https:\\\/\\\/offthehooksagres.com\\\/de\\\/rechtlicher-hinweis\\\/\",\"url\":\"https:\\\/\\\/offthehooksagres.com\\\/de\\\/rechtlicher-hinweis\\\/\",\"name\":\"Rechtlicher Hinweis - OFFTHEHOOK Coworking and Coliving Space in Sagres, Algarve - Portugal\",\"isPartOf\":{\"@id\":\"https:\\\/\\\/offthehooksagres.com\\\/de\\\/#website\"},\"datePublished\":\"2019-06-08T11:00:38+00:00\",\"dateModified\":\"2023-05-09T17:46:25+00:00\",\"breadcrumb\":{\"@id\":\"https:\\\/\\\/offthehooksagres.com\\\/de\\\/rechtlicher-hinweis\\\/#breadcrumb\"},\"inLanguage\":\"de\",\"potentialAction\":[{\"@type\":\"ReadAction\",\"target\":[\"https:\\\/\\\/offthehooksagres.com\\\/de\\\/rechtlicher-hinweis\\\/\"]}]},{\"@type\":\"BreadcrumbList\",\"@id\":\"https:\\\/\\\/offthehooksagres.com\\\/de\\\/rechtlicher-hinweis\\\/#breadcrumb\",\"itemListElement\":[{\"@type\":\"ListItem\",\"position\":1,\"name\":\"Startseite\",\"item\":\"https:\\\/\\\/offthehooksagres.com\\\/de\\\/coworking-coliving-space-in-sagres\\\/\"},{\"@type\":\"ListItem\",\"position\":2,\"name\":\"Rechtlicher Hinweis\"}]},{\"@type\":\"WebSite\",\"@id\":\"https:\\\/\\\/offthehooksagres.com\\\/de\\\/#website\",\"url\":\"https:\\\/\\\/offthehooksagres.com\\\/de\\\/\",\"name\":\"OFFTHEHOOK Coworking and Coliving Space in Sagres, Algarve - Portugal\",\"description\":\"\",\"potentialAction\":[{\"@type\":\"SearchAction\",\"target\":{\"@type\":\"EntryPoint\",\"urlTemplate\":\"https:\\\/\\\/offthehooksagres.com\\\/de\\\/?s={search_term_string}\"},\"query-input\":{\"@type\":\"PropertyValueSpecification\",\"valueRequired\":true,\"valueName\":\"search_term_string\"}}],\"inLanguage\":\"de\"}]}<\/script>\n<!-- \/ Yoast SEO plugin. -->","yoast_head_json":{"title":"Rechtlicher Hinweis - OFFTHEHOOK Coworking and Coliving Space in Sagres, Algarve - Portugal","robots":{"index":"index","follow":"follow","max-snippet":"max-snippet:-1","max-image-preview":"max-image-preview:large","max-video-preview":"max-video-preview:-1"},"canonical":"https:\/\/offthehooksagres.com\/de\/rechtlicher-hinweis\/","og_locale":"de_DE","og_type":"article","og_title":"Rechtlicher Hinweis - OFFTHEHOOK Coworking and Coliving Space in Sagres, Algarve - Portugal","og_url":"https:\/\/offthehooksagres.com\/de\/rechtlicher-hinweis\/","og_site_name":"OFFTHEHOOK Coworking and Coliving Space in Sagres, Algarve - Portugal","article_modified_time":"2023-05-09T17:46:25+00:00","twitter_card":"summary_large_image","twitter_misc":{"Gesch\u00e4tzte Lesezeit":"3\u00a0Minuten"},"schema":{"@context":"https:\/\/schema.org","@graph":[{"@type":"WebPage","@id":"https:\/\/offthehooksagres.com\/de\/rechtlicher-hinweis\/","url":"https:\/\/offthehooksagres.com\/de\/rechtlicher-hinweis\/","name":"Rechtlicher Hinweis - OFFTHEHOOK Coworking and Coliving Space in Sagres, Algarve - Portugal","isPartOf":{"@id":"https:\/\/offthehooksagres.com\/de\/#website"},"datePublished":"2019-06-08T11:00:38+00:00","dateModified":"2023-05-09T17:46:25+00:00","breadcrumb":{"@id":"https:\/\/offthehooksagres.com\/de\/rechtlicher-hinweis\/#breadcrumb"},"inLanguage":"de","potentialAction":[{"@type":"ReadAction","target":["https:\/\/offthehooksagres.com\/de\/rechtlicher-hinweis\/"]}]},{"@type":"BreadcrumbList","@id":"https:\/\/offthehooksagres.com\/de\/rechtlicher-hinweis\/#breadcrumb","itemListElement":[{"@type":"ListItem","position":1,"name":"Startseite","item":"https:\/\/offthehooksagres.com\/de\/coworking-coliving-space-in-sagres\/"},{"@type":"ListItem","position":2,"name":"Rechtlicher Hinweis"}]},{"@type":"WebSite","@id":"https:\/\/offthehooksagres.com\/de\/#website","url":"https:\/\/offthehooksagres.com\/de\/","name":"OFFTHEHOOK Coworking and Coliving Space in Sagres, Algarve - Portugal","description":"","potentialAction":[{"@type":"SearchAction","target":{"@type":"EntryPoint","urlTemplate":"https:\/\/offthehooksagres.com\/de\/?s={search_term_string}"},"query-input":{"@type":"PropertyValueSpecification","valueRequired":true,"valueName":"search_term_string"}}],"inLanguage":"de"}]}},"_links":{"self":[{"href":"https:\/\/offthehooksagres.com\/de\/wp-json\/wp\/v2\/pages\/5056","targetHints":{"allow":["GET"]}}],"collection":[{"href":"https:\/\/offthehooksagres.com\/de\/wp-json\/wp\/v2\/pages"}],"about":[{"href":"https:\/\/offthehooksagres.com\/de\/wp-json\/wp\/v2\/types\/page"}],"author":[{"embeddable":true,"href":"https:\/\/offthehooksagres.com\/de\/wp-json\/wp\/v2\/users\/5"}],"replies":[{"embeddable":true,"href":"https:\/\/offthehooksagres.com\/de\/wp-json\/wp\/v2\/comments?post=5056"}],"version-history":[{"count":3,"href":"https:\/\/offthehooksagres.com\/de\/wp-json\/wp\/v2\/pages\/5056\/revisions"}],"predecessor-version":[{"id":5295,"href":"https:\/\/offthehooksagres.com\/de\/wp-json\/wp\/v2\/pages\/5056\/revisions\/5295"}],"wp:attachment":[{"href":"https:\/\/offthehooksagres.com\/de\/wp-json\/wp\/v2\/media?parent=5056"}],"curies":[{"name":"wp","href":"https:\/\/api.w.org\/{rel}","templated":true}]}}